{"id":72,"date":"2024-12-30T02:08:58","date_gmt":"2024-12-30T02:08:58","guid":{"rendered":"https:\/\/antoniaschmidt.cl\/sitio\/?page_id=72"},"modified":"2024-12-31T02:44:26","modified_gmt":"2024-12-31T02:44:26","slug":"el-disco","status":"publish","type":"page","link":"https:\/\/antoniaschmidt.cl\/sitio\/?page_id=72","title":{"rendered":"M\u00fasica"},"content":{"rendered":"\t\t<div data-elementor-type=\"wp-page\" data-elementor-id=\"72\" class=\"elementor elementor-72\">\n\t\t\t\t<div class=\"elementor-element elementor-element-57a5939 e-flex e-con-boxed e-con e-parent\" data-id=\"57a5939\" data-element_type=\"container\">\n\t\t\t\t\t<div class=\"e-con-inner\">\n\t\t\t\t<div class=\"elementor-element elementor-element-a467a6c elementor-widget elementor-widget-heading\" data-id=\"a467a6c\" data-element_type=\"widget\" data-widget_type=\"heading.default\">\n\t\t\t\t<div class=\"elementor-widget-container\">\n\t\t\t\t\t<h1 class=\"elementor-heading-title elementor-size-default\">Verano<\/h1>\t\t\t\t<\/div>\n\t\t\t\t<\/div>\n\t\t\t\t\t<\/div>\n\t\t\t\t<\/div>\n\t\t<div class=\"elementor-element elementor-element-85c26bd e-flex e-con-boxed e-con e-parent\" data-id=\"85c26bd\" data-element_type=\"container\">\n\t\t\t\t\t<div class=\"e-con-inner\">\n\t\t<div class=\"elementor-element elementor-element-5abb2bf e-con-full e-flex e-con e-child\" data-id=\"5abb2bf\" data-element_type=\"container\">\n\t\t<div class=\"elementor-element elementor-element-ee36717 e-con-full e-flex e-con e-child\" data-id=\"ee36717\" data-element_type=\"container\">\n\t\t\t\t<div class=\"elementor-element elementor-element-6c52704 elementor-widget elementor-widget-audio\" data-id=\"6c52704\" data-element_type=\"widget\" data-widget_type=\"audio.default\">\n\t\t\t\t<div class=\"elementor-widget-container\">\n\t\t\t\t\t\t\t\t<div class=\"elementor-soundcloud-wrapper\">\n\t\t\t\t<iframe width=\"500\" height=\"200\" frameborder=\"no\" src=\"https:\/\/w.soundcloud.com\/player\/?visual=false&#038;url=https%3A%2F%2Fapi.soundcloud.com%2Ftracks%2F1997248539&#038;show_artwork=true&#038;maxheight=750&#038;maxwidth=500&#038;auto_play=false&#038;buying=false&#038;liking=true&#038;download=false&#038;sharing=true&#038;show_comments=true&#038;show_playcount=true&#038;show_user=true&#038;color\"><\/iframe>\t\t\t<\/div>\n\t\t\t\t\t\t\t<\/div>\n\t\t\t\t<\/div>\n\t\t\t\t<\/div>\n\t\t\t\t<\/div>\n\t\t\t\t\t<\/div>\n\t\t\t\t<\/div>\n\t\t<div class=\"elementor-element elementor-element-7f31fb8 e-flex e-con-boxed e-con e-parent\" data-id=\"7f31fb8\" data-element_type=\"container\">\n\t\t\t\t\t<div class=\"e-con-inner\">\n\t\t\t\t<div class=\"elementor-element elementor-element-d2a03f9 elementor-widget elementor-widget-heading\" data-id=\"d2a03f9\" data-element_type=\"widget\" data-widget_type=\"heading.default\">\n\t\t\t\t<div class=\"elementor-widget-container\">\n\t\t\t\t\t<h1 class=\"elementor-heading-title elementor-size-default\">Primavera<\/h1>\t\t\t\t<\/div>\n\t\t\t\t<\/div>\n\t\t\t\t\t<\/div>\n\t\t\t\t<\/div>\n\t\t<div class=\"elementor-element elementor-element-e9496b9 e-flex e-con-boxed e-con e-parent\" data-id=\"e9496b9\" data-element_type=\"container\">\n\t\t\t\t\t<div class=\"e-con-inner\">\n\t\t<div class=\"elementor-element elementor-element-eb2492d e-con-full e-flex e-con e-child\" data-id=\"eb2492d\" data-element_type=\"container\">\n\t\t<div class=\"elementor-element elementor-element-caf0899 e-con-full e-flex e-con e-child\" data-id=\"caf0899\" data-element_type=\"container\">\n\t\t\t\t<div class=\"elementor-element elementor-element-37d6bb0 elementor-widget elementor-widget-audio\" data-id=\"37d6bb0\" data-element_type=\"widget\" data-widget_type=\"audio.default\">\n\t\t\t\t<div class=\"elementor-widget-container\">\n\t\t\t\t\t\t\t\t<div class=\"elementor-soundcloud-wrapper\">\n\t\t\t\t<iframe width=\"500\" height=\"200\" frameborder=\"no\" src=\"https:\/\/w.soundcloud.com\/player\/?visual=false&#038;url=https%3A%2F%2Fapi.soundcloud.com%2Ftracks%2F1997248583&#038;show_artwork=true&#038;maxheight=750&#038;maxwidth=500&#038;auto_play=false&#038;buying=false&#038;liking=true&#038;download=false&#038;sharing=true&#038;show_comments=true&#038;show_playcount=true&#038;show_user=true&#038;color\"><\/iframe>\t\t\t<\/div>\n\t\t\t\t\t\t\t<\/div>\n\t\t\t\t<\/div>\n\t\t\t\t<\/div>\n\t\t\t\t<\/div>\n\t\t\t\t\t<\/div>\n\t\t\t\t<\/div>\n\t\t<div class=\"elementor-element elementor-element-4648893 e-flex e-con-boxed e-con e-parent\" data-id=\"4648893\" data-element_type=\"container\">\n\t\t\t\t\t<div class=\"e-con-inner\">\n\t\t\t\t<div class=\"elementor-element elementor-element-0042df4 elementor-widget elementor-widget-heading\" data-id=\"0042df4\" data-element_type=\"widget\" data-widget_type=\"heading.default\">\n\t\t\t\t<div class=\"elementor-widget-container\">\n\t\t\t\t\t<h1 class=\"elementor-heading-title elementor-size-default\">Oto\u00f1o<\/h1>\t\t\t\t<\/div>\n\t\t\t\t<\/div>\n\t\t\t\t\t<\/div>\n\t\t\t\t<\/div>\n\t\t<div class=\"elementor-element elementor-element-6fabd34 e-flex e-con-boxed e-con e-parent\" data-id=\"6fabd34\" data-element_type=\"container\">\n\t\t\t\t\t<div class=\"e-con-inner\">\n\t\t<div class=\"elementor-element elementor-element-f2742d7 e-con-full e-flex e-con e-child\" data-id=\"f2742d7\" data-element_type=\"container\">\n\t\t<div class=\"elementor-element elementor-element-c74d866 e-con-full e-flex e-con e-child\" data-id=\"c74d866\" data-element_type=\"container\">\n\t\t\t\t<div class=\"elementor-element elementor-element-7ec3777 elementor-widget elementor-widget-audio\" data-id=\"7ec3777\" data-element_type=\"widget\" data-widget_type=\"audio.default\">\n\t\t\t\t<div class=\"elementor-widget-container\">\n\t\t\t\t\t\t\t\t<div class=\"elementor-soundcloud-wrapper\">\n\t\t\t\t<iframe width=\"500\" height=\"200\" frameborder=\"no\" src=\"https:\/\/w.soundcloud.com\/player\/?visual=false&#038;url=https%3A%2F%2Fapi.soundcloud.com%2Ftracks%2F1997248663&#038;show_artwork=true&#038;maxheight=750&#038;maxwidth=500&#038;auto_play=false&#038;buying=false&#038;liking=true&#038;download=false&#038;sharing=true&#038;show_comments=true&#038;show_playcount=true&#038;show_user=true&#038;color\"><\/iframe>\t\t\t<\/div>\n\t\t\t\t\t\t\t<\/div>\n\t\t\t\t<\/div>\n\t\t\t\t<\/div>\n\t\t\t\t<\/div>\n\t\t\t\t\t<\/div>\n\t\t\t\t<\/div>\n\t\t<div class=\"elementor-element elementor-element-e1f935e e-flex e-con-boxed e-con e-parent\" data-id=\"e1f935e\" data-element_type=\"container\">\n\t\t\t\t\t<div class=\"e-con-inner\">\n\t\t\t\t<div class=\"elementor-element elementor-element-6ecf231 elementor-widget elementor-widget-heading\" data-id=\"6ecf231\" data-element_type=\"widget\" data-widget_type=\"heading.default\">\n\t\t\t\t<div class=\"elementor-widget-container\">\n\t\t\t\t\t<h1 class=\"elementor-heading-title elementor-size-default\">Invierno<\/h1>\t\t\t\t<\/div>\n\t\t\t\t<\/div>\n\t\t\t\t\t<\/div>\n\t\t\t\t<\/div>\n\t\t<div class=\"elementor-element elementor-element-d537d31 e-flex e-con-boxed e-con e-parent\" data-id=\"d537d31\" data-element_type=\"container\">\n\t\t\t\t\t<div class=\"e-con-inner\">\n\t\t<div class=\"elementor-element elementor-element-7897b50 e-con-full e-flex e-con e-child\" data-id=\"7897b50\" data-element_type=\"container\">\n\t\t<div class=\"elementor-element elementor-element-1464a6a e-con-full e-flex e-con e-child\" data-id=\"1464a6a\" data-element_type=\"container\">\n\t\t\t\t<div class=\"elementor-element elementor-element-34de446 elementor-widget elementor-widget-audio\" data-id=\"34de446\" data-element_type=\"widget\" data-widget_type=\"audio.default\">\n\t\t\t\t<div class=\"elementor-widget-container\">\n\t\t\t\t\t\t\t\t<div class=\"elementor-soundcloud-wrapper\">\n\t\t\t\t<iframe width=\"500\" height=\"200\" frameborder=\"no\" src=\"https:\/\/w.soundcloud.com\/player\/?visual=false&#038;url=https%3A%2F%2Fapi.soundcloud.com%2Ftracks%2F1997248635&#038;show_artwork=true&#038;maxheight=750&#038;maxwidth=500&#038;auto_play=false&#038;buying=false&#038;liking=true&#038;download=false&#038;sharing=true&#038;show_comments=true&#038;show_playcount=true&#038;show_user=true&#038;color\"><\/iframe>\t\t\t<\/div>\n\t\t\t\t\t\t\t<\/div>\n\t\t\t\t<\/div>\n\t\t\t\t<\/div>\n\t\t\t\t<\/div>\n\t\t\t\t\t<\/div>\n\t\t\t\t<\/div>\n\t\t<div class=\"elementor-element elementor-element-e3d5b51 e-flex e-con-boxed e-con e-parent\" data-id=\"e3d5b51\" data-element_type=\"container\">\n\t\t\t\t\t<div class=\"e-con-inner\">\n\t\t\t\t<div class=\"elementor-element elementor-element-e478e6c elementor-widget elementor-widget-heading\" data-id=\"e478e6c\" data-element_type=\"widget\" data-widget_type=\"heading.default\">\n\t\t\t\t<div class=\"elementor-widget-container\">\n\t\t\t\t\t<h1 class=\"elementor-heading-title elementor-size-default\">Bosque Oto\u00f1o<\/h1>\t\t\t\t<\/div>\n\t\t\t\t<\/div>\n\t\t\t\t\t<\/div>\n\t\t\t\t<\/div>\n\t\t<div class=\"elementor-element elementor-element-1e7e1fc e-flex e-con-boxed e-con e-parent\" data-id=\"1e7e1fc\" data-element_type=\"container\">\n\t\t\t\t\t<div class=\"e-con-inner\">\n\t\t<div class=\"elementor-element elementor-element-716308f e-con-full e-flex e-con e-child\" data-id=\"716308f\" data-element_type=\"container\">\n\t\t<div class=\"elementor-element elementor-element-052f7c6 e-con-full e-flex e-con e-child\" data-id=\"052f7c6\" data-element_type=\"container\">\n\t\t\t\t<div class=\"elementor-element elementor-element-d333c6a elementor-widget elementor-widget-audio\" data-id=\"d333c6a\" data-element_type=\"widget\" data-widget_type=\"audio.default\">\n\t\t\t\t<div class=\"elementor-widget-container\">\n\t\t\t\t\t\t\t\t<div class=\"elementor-soundcloud-wrapper\">\n\t\t\t\t<iframe width=\"500\" height=\"200\" frameborder=\"no\" src=\"https:\/\/w.soundcloud.com\/player\/?visual=false&#038;url=https%3A%2F%2Fapi.soundcloud.com%2Ftracks%2F1997479135&#038;show_artwork=true&#038;maxheight=750&#038;maxwidth=500&#038;auto_play=false&#038;buying=false&#038;liking=true&#038;download=false&#038;sharing=true&#038;show_comments=true&#038;show_playcount=true&#038;show_user=true&#038;color\"><\/iframe>\t\t\t<\/div>\n\t\t\t\t\t\t\t<\/div>\n\t\t\t\t<\/div>\n\t\t\t\t<\/div>\n\t\t\t\t<\/div>\n\t\t\t\t\t<\/div>\n\t\t\t\t<\/div>\n\t\t<div class=\"elementor-element elementor-element-1858f61 e-flex e-con-boxed e-con e-parent\" data-id=\"1858f61\" data-element_type=\"container\">\n\t\t\t\t\t<div class=\"e-con-inner\">\n\t\t\t\t<div class=\"elementor-element elementor-element-26fbb8e elementor-widget elementor-widget-heading\" data-id=\"26fbb8e\" data-element_type=\"widget\" data-widget_type=\"heading.default\">\n\t\t\t\t<div class=\"elementor-widget-container\">\n\t\t\t\t\t<h1 class=\"elementor-heading-title elementor-size-default\">Estoy Aqu\u00ed<\/h1>\t\t\t\t<\/div>\n\t\t\t\t<\/div>\n\t\t\t\t\t<\/div>\n\t\t\t\t<\/div>\n\t\t<div class=\"elementor-element elementor-element-5cbcab6 e-flex e-con-boxed e-con e-parent\" data-id=\"5cbcab6\" data-element_type=\"container\">\n\t\t\t\t\t<div class=\"e-con-inner\">\n\t\t<div class=\"elementor-element elementor-element-33735d9 e-con-full e-flex e-con e-child\" data-id=\"33735d9\" data-element_type=\"container\">\n\t\t<div class=\"elementor-element elementor-element-800501d e-con-full e-flex e-con e-child\" data-id=\"800501d\" data-element_type=\"container\">\n\t\t\t\t<div class=\"elementor-element elementor-element-814d97e elementor-widget elementor-widget-audio\" data-id=\"814d97e\" data-element_type=\"widget\" data-widget_type=\"audio.default\">\n\t\t\t\t<div class=\"elementor-widget-container\">\n\t\t\t\t\t\t\t\t<div class=\"elementor-soundcloud-wrapper\">\n\t\t\t\t<iframe width=\"500\" height=\"200\" frameborder=\"no\" src=\"https:\/\/w.soundcloud.com\/player\/?visual=false&#038;url=https%3A%2F%2Fapi.soundcloud.com%2Ftracks%2F1997248603&#038;show_artwork=true&#038;maxheight=750&#038;maxwidth=500&#038;auto_play=false&#038;buying=false&#038;liking=true&#038;download=false&#038;sharing=true&#038;show_comments=true&#038;show_playcount=true&#038;show_user=true&#038;color\"><\/iframe>\t\t\t<\/div>\n\t\t\t\t\t\t\t<\/div>\n\t\t\t\t<\/div>\n\t\t\t\t<\/div>\n\t\t\t\t<\/div>\n\t\t\t\t\t<\/div>\n\t\t\t\t<\/div>\n\t\t<div class=\"elementor-element elementor-element-b7e741e e-flex e-con-boxed e-con e-parent\" data-id=\"b7e741e\" data-element_type=\"container\">\n\t\t\t\t\t<div class=\"e-con-inner\">\n\t\t\t\t<div class=\"elementor-element elementor-element-b9bcd46 elementor-widget elementor-widget-heading\" data-id=\"b9bcd46\" data-element_type=\"widget\" data-widget_type=\"heading.default\">\n\t\t\t\t<div class=\"elementor-widget-container\">\n\t\t\t\t\t<h1 class=\"elementor-heading-title elementor-size-default\">Mi casa eres tu<\/h1>\t\t\t\t<\/div>\n\t\t\t\t<\/div>\n\t\t\t\t\t<\/div>\n\t\t\t\t<\/div>\n\t\t<div class=\"elementor-element elementor-element-4cb4314 e-flex e-con-boxed e-con e-parent\" data-id=\"4cb4314\" data-element_type=\"container\">\n\t\t\t\t\t<div class=\"e-con-inner\">\n\t\t<div class=\"elementor-element elementor-element-c511bc3 e-con-full e-flex e-con e-child\" data-id=\"c511bc3\" data-element_type=\"container\">\n\t\t<div class=\"elementor-element elementor-element-3f1c146 e-con-full e-flex e-con e-child\" data-id=\"3f1c146\" data-element_type=\"container\">\n\t\t\t\t<div class=\"elementor-element elementor-element-da96702 elementor-widget elementor-widget-audio\" data-id=\"da96702\" data-element_type=\"widget\" data-widget_type=\"audio.default\">\n\t\t\t\t<div class=\"elementor-widget-container\">\n\t\t\t\t\t\t\t\t<div class=\"elementor-soundcloud-wrapper\">\n\t\t\t\t<iframe width=\"500\" height=\"200\" frameborder=\"no\" src=\"https:\/\/w.soundcloud.com\/player\/?visual=false&#038;url=https%3A%2F%2Fapi.soundcloud.com%2Ftracks%2F1997248571&#038;show_artwork=true&#038;maxheight=750&#038;maxwidth=500&#038;auto_play=false&#038;buying=false&#038;liking=true&#038;download=false&#038;sharing=true&#038;show_comments=true&#038;show_playcount=true&#038;show_user=true&#038;color\"><\/iframe>\t\t\t<\/div>\n\t\t\t\t\t\t\t<\/div>\n\t\t\t\t<\/div>\n\t\t\t\t<\/div>\n\t\t\t\t<\/div>\n\t\t\t\t\t<\/div>\n\t\t\t\t<\/div>\n\t\t<div class=\"elementor-element elementor-element-7fd6de1 e-flex e-con-boxed e-con e-parent\" data-id=\"7fd6de1\" data-element_type=\"container\">\n\t\t\t\t\t<div class=\"e-con-inner\">\n\t\t\t\t<div class=\"elementor-element elementor-element-8e96a3f elementor-widget elementor-widget-heading\" data-id=\"8e96a3f\" data-element_type=\"widget\" data-widget_type=\"heading.default\">\n\t\t\t\t<div class=\"elementor-widget-container\">\n\t\t\t\t\t<h1 class=\"elementor-heading-title elementor-size-default\">Bosque Verano<\/h1>\t\t\t\t<\/div>\n\t\t\t\t<\/div>\n\t\t\t\t\t<\/div>\n\t\t\t\t<\/div>\n\t\t<div class=\"elementor-element elementor-element-e6d0049 e-flex e-con-boxed e-con e-parent\" data-id=\"e6d0049\" data-element_type=\"container\">\n\t\t\t\t\t<div class=\"e-con-inner\">\n\t\t<div class=\"elementor-element elementor-element-ce40080 e-con-full e-flex e-con e-child\" data-id=\"ce40080\" data-element_type=\"container\">\n\t\t<div class=\"elementor-element elementor-element-9ab6f6d e-con-full e-flex e-con e-child\" data-id=\"9ab6f6d\" data-element_type=\"container\">\n\t\t\t\t<div class=\"elementor-element elementor-element-82b6c06 elementor-widget elementor-widget-audio\" data-id=\"82b6c06\" data-element_type=\"widget\" data-widget_type=\"audio.default\">\n\t\t\t\t<div class=\"elementor-widget-container\">\n\t\t\t\t\t\t\t\t<div class=\"elementor-soundcloud-wrapper\">\n\t\t\t\t<iframe width=\"500\" height=\"200\" frameborder=\"no\" src=\"https:\/\/w.soundcloud.com\/player\/?visual=false&#038;url=https%3A%2F%2Fapi.soundcloud.com%2Ftracks%2F1997480139&#038;show_artwork=true&#038;maxheight=750&#038;maxwidth=500&#038;auto_play=false&#038;buying=false&#038;liking=true&#038;download=false&#038;sharing=true&#038;show_comments=true&#038;show_playcount=true&#038;show_user=true&#038;color\"><\/iframe>\t\t\t<\/div>\n\t\t\t\t\t\t\t<\/div>\n\t\t\t\t<\/div>\n\t\t\t\t<\/div>\n\t\t\t\t<\/div>\n\t\t\t\t\t<\/div>\n\t\t\t\t<\/div>\n\t\t<div class=\"elementor-element elementor-element-9bfa321 e-flex e-con-boxed e-con e-parent\" data-id=\"9bfa321\" data-element_type=\"container\">\n\t\t\t\t\t<div class=\"e-con-inner\">\n\t\t\t\t<div class=\"elementor-element elementor-element-4efae99 elementor-widget elementor-widget-heading\" data-id=\"4efae99\" data-element_type=\"widget\" data-widget_type=\"heading.default\">\n\t\t\t\t<div class=\"elementor-widget-container\">\n\t\t\t\t\t<h1 class=\"elementor-heading-title elementor-size-default\">Bosque Primavera<\/h1>\t\t\t\t<\/div>\n\t\t\t\t<\/div>\n\t\t\t\t\t<\/div>\n\t\t\t\t<\/div>\n\t\t<div class=\"elementor-element elementor-element-cbee218 e-flex e-con-boxed e-con e-parent\" data-id=\"cbee218\" data-element_type=\"container\">\n\t\t\t\t\t<div class=\"e-con-inner\">\n\t\t<div class=\"elementor-element elementor-element-9f5c49e e-con-full e-flex e-con e-child\" data-id=\"9f5c49e\" data-element_type=\"container\">\n\t\t<div class=\"elementor-element elementor-element-079b782 e-con-full e-flex e-con e-child\" data-id=\"079b782\" data-element_type=\"container\">\n\t\t\t\t<div class=\"elementor-element elementor-element-516f868 elementor-widget elementor-widget-audio\" data-id=\"516f868\" data-element_type=\"widget\" data-widget_type=\"audio.default\">\n\t\t\t\t<div class=\"elementor-widget-container\">\n\t\t\t\t\t\t\t\t<div class=\"elementor-soundcloud-wrapper\">\n\t\t\t\t<iframe width=\"500\" height=\"200\" frameborder=\"no\" src=\"https:\/\/w.soundcloud.com\/player\/?visual=false&#038;url=https%3A%2F%2Fapi.soundcloud.com%2Ftracks%2F1997479815&#038;show_artwork=true&#038;maxheight=750&#038;maxwidth=500&#038;auto_play=false&#038;buying=false&#038;liking=true&#038;download=false&#038;sharing=true&#038;show_comments=true&#038;show_playcount=true&#038;show_user=true&#038;color\"><\/iframe>\t\t\t<\/div>\n\t\t\t\t\t\t\t<\/div>\n\t\t\t\t<\/div>\n\t\t\t\t<\/div>\n\t\t\t\t<\/div>\n\t\t\t\t\t<\/div>\n\t\t\t\t<\/div>\n\t\t<div class=\"elementor-element elementor-element-eb3b4c0 e-flex e-con-boxed e-con e-parent\" data-id=\"eb3b4c0\" data-element_type=\"container\">\n\t\t\t\t\t<div class=\"e-con-inner\">\n\t\t\t\t<div class=\"elementor-element elementor-element-b647e5d elementor-widget elementor-widget-heading\" data-id=\"b647e5d\" data-element_type=\"widget\" data-widget_type=\"heading.default\">\n\t\t\t\t<div class=\"elementor-widget-container\">\n\t\t\t\t\t<h1 class=\"elementor-heading-title elementor-size-default\">Bosque Invierno<\/h1>\t\t\t\t<\/div>\n\t\t\t\t<\/div>\n\t\t\t\t\t<\/div>\n\t\t\t\t<\/div>\n\t\t<div class=\"elementor-element elementor-element-38ffa72 e-flex e-con-boxed e-con e-parent\" data-id=\"38ffa72\" data-element_type=\"container\">\n\t\t\t\t\t<div class=\"e-con-inner\">\n\t\t<div class=\"elementor-element elementor-element-ad13892 e-con-full e-flex e-con e-child\" data-id=\"ad13892\" data-element_type=\"container\">\n\t\t<div class=\"elementor-element elementor-element-55a0162 e-con-full e-flex e-con e-child\" data-id=\"55a0162\" data-element_type=\"container\">\n\t\t\t\t<div class=\"elementor-element elementor-element-00fcc51 elementor-widget elementor-widget-audio\" data-id=\"00fcc51\" data-element_type=\"widget\" data-widget_type=\"audio.default\">\n\t\t\t\t<div class=\"elementor-widget-container\">\n\t\t\t\t\t\t\t\t<div class=\"elementor-soundcloud-wrapper\">\n\t\t\t\t<iframe width=\"500\" height=\"200\" frameborder=\"no\" src=\"https:\/\/w.soundcloud.com\/player\/?visual=false&#038;url=https%3A%2F%2Fapi.soundcloud.com%2Ftracks%2F1997479475&#038;show_artwork=true&#038;maxheight=750&#038;maxwidth=500&#038;auto_play=false&#038;buying=false&#038;liking=true&#038;download=false&#038;sharing=true&#038;show_comments=true&#038;show_playcount=true&#038;show_user=true&#038;color\"><\/iframe>\t\t\t<\/div>\n\t\t\t\t\t\t\t<\/div>\n\t\t\t\t<\/div>\n\t\t\t\t<\/div>\n\t\t\t\t<\/div>\n\t\t\t\t\t<\/div>\n\t\t\t\t<\/div>\n\t\t<div class=\"elementor-element elementor-element-a6a47d2 e-flex e-con-boxed e-con e-parent\" data-id=\"a6a47d2\" data-element_type=\"container\">\n\t\t\t\t\t<div class=\"e-con-inner\">\n\t\t<div class=\"elementor-element elementor-element-c875839 e-con-full e-flex e-con e-child\" data-id=\"c875839\" data-element_type=\"container\">\n\t\t<div class=\"elementor-element elementor-element-3bfe232 e-con-full e-flex e-con e-child\" data-id=\"3bfe232\" data-element_type=\"container\">\n\t\t\t\t<\/div>\n\t\t<div class=\"elementor-element elementor-element-2dcb331 e-con-full e-flex e-con e-child\" data-id=\"2dcb331\" data-element_type=\"container\">\n\t\t\t\t<div class=\"elementor-element elementor-element-7cb2a10 elementor-widget elementor-widget-image\" data-id=\"7cb2a10\" data-element_type=\"widget\" data-widget_type=\"image.default\">\n\t\t\t\t<div class=\"elementor-widget-container\">\n\t\t\t\t\t\t\t\t\t\t\t\t\t\t\t<img decoding=\"async\" width=\"300\" height=\"91\" src=\"https:\/\/antoniaschmidt.cl\/sitio\/wp-content\/uploads\/2024\/12\/mundovico3-300x91.jpeg\" class=\"attachment-medium size-medium wp-image-238\" alt=\"\" srcset=\"https:\/\/antoniaschmidt.cl\/sitio\/wp-content\/uploads\/2024\/12\/mundovico3-300x91.jpeg 300w, https:\/\/antoniaschmidt.cl\/sitio\/wp-content\/uploads\/2024\/12\/mundovico3-1024x310.jpeg 1024w, https:\/\/antoniaschmidt.cl\/sitio\/wp-content\/uploads\/2024\/12\/mundovico3-768x232.jpeg 768w, https:\/\/antoniaschmidt.cl\/sitio\/wp-content\/uploads\/2024\/12\/mundovico3.jpeg 1280w\" sizes=\"(max-width: 300px) 100vw, 300px\" \/>\t\t\t\t\t\t\t\t\t\t\t\t\t\t\t<\/div>\n\t\t\t\t<\/div>\n\t\t\t\t<\/div>\n\t\t<div class=\"elementor-element elementor-element-c6d9611 e-con-full e-flex e-con e-child\" data-id=\"c6d9611\" data-element_type=\"container\">\n\t\t\t\t<\/div>\n\t\t\t\t<\/div>\n\t\t\t\t\t<\/div>\n\t\t\t\t<\/div>\n\t\t\t\t<\/div>\n\t\t","protected":false},"excerpt":{"rendered":"<p>Verano Primavera Oto\u00f1o Invierno Bosque Oto\u00f1o Estoy Aqu\u00ed Mi casa eres tu Bosque Verano Bosque Primavera Bosque Invierno<\/p>\n","protected":false},"author":1,"featured_media":0,"parent":0,"menu_order":0,"comment_status":"closed","ping_status":"closed","template":"elementor_header_footer","meta":{"saved_in_kubio":true,"footnotes":""},"class_list":["post-72","page","type-page","status-publish","hentry"],"kubio_ai_page_context":{"short_desc":"","purpose":"general"},"_links":{"self":[{"href":"https:\/\/antoniaschmidt.cl\/sitio\/index.php?rest_route=\/wp\/v2\/pages\/72","targetHints":{"allow":["GET"]}}],"collection":[{"href":"https:\/\/antoniaschmidt.cl\/sitio\/index.php?rest_route=\/wp\/v2\/pages"}],"about":[{"href":"https:\/\/antoniaschmidt.cl\/sitio\/index.php?rest_route=\/wp\/v2\/types\/page"}],"author":[{"embeddable":true,"href":"https:\/\/antoniaschmidt.cl\/sitio\/index.php?rest_route=\/wp\/v2\/users\/1"}],"replies":[{"embeddable":true,"href":"https:\/\/antoniaschmidt.cl\/sitio\/index.php?rest_route=%2Fwp%2Fv2%2Fcomments&post=72"}],"version-history":[{"count":10,"href":"https:\/\/antoniaschmidt.cl\/sitio\/index.php?rest_route=\/wp\/v2\/pages\/72\/revisions"}],"predecessor-version":[{"id":254,"href":"https:\/\/antoniaschmidt.cl\/sitio\/index.php?rest_route=\/wp\/v2\/pages\/72\/revisions\/254"}],"wp:attachment":[{"href":"https:\/\/antoniaschmidt.cl\/sitio\/index.php?rest_route=%2Fwp%2Fv2%2Fmedia&parent=72"}],"curies":[{"name":"wp","href":"https:\/\/api.w.org\/{rel}","templated":true}]}}